{"id":809,"date":"2025-06-20T09:05:08","date_gmt":"2025-06-20T02:05:08","guid":{"rendered":"https:\/\/cetecacademy.vn\/lien-he"},"modified":"2026-03-25T11:50:52","modified_gmt":"2026-03-25T04:50:52","slug":"contact","status":"publish","type":"page","link":"https:\/\/cetecacademy.vn\/en\/contact","title":{"rendered":"CONTACT"},"content":{"rendered":"\n\t<section class=\"section gradient-circle\" id=\"section_1906947795\">\n\t\t<div class=\"section-bg fill\" >\n\t\t\t\t\t\t\t\t\t\n\t\t\t\n\n\t\t<\/div>\n\n\t\t\n\n\t\t<div class=\"section-content relative\">\n\t\t\t\n<div class=\"row align-center\"  id=\"row-1917935125\">\n\n\t<div id=\"col-963294109\" class=\"col small-12 large-12\"  data-animate=\"fadeInUp\">\n\t\t\t\t<div class=\"col-inner text-center\"  >\n\t\t\t\n\t\t\t\n\t<div id=\"text-664452165\" class=\"text\">\n\t\t\n<h1>Li\u00ean h\u1ec7<\/h1>\n\t\t\n<style>\n#text-664452165 {\n  font-size: 1.4rem;\n}\n@media (min-width:850px) {\n  #text-664452165 {\n    font-size: 2rem;\n  }\n}\n<\/style>\n\t<\/div>\n\t\n<p>H\u1ecdc Vi\u1ec7n T\u01b0 V\u1ea5n V\u00e0 \u0110\u00e0o T\u1ea1o<\/p>\n\t\t<\/div>\n\t\t\t\t\t<\/div>\n\n\t\n\n\t<div id=\"col-1749603517\" class=\"col medium-10 small-12 large-10\"  data-animate=\"fadeInUp\">\n\t\t\t\t<div class=\"col-inner text-left\"  >\n\t\t\t\n\t<div class=\"is-border\"\n\t\tstyle=\"border-color:rgb(0, 0, 0);border-width:3px 3px 6px 6px;\">\n\t<\/div>\n\t\t\t\n\n<div class=\"wpcf7 no-js\" id=\"wpcf7-f64-o1\" lang=\"vi\" dir=\"ltr\" data-wpcf7-id=\"64\">\n<div class=\"screen-reader-response\"><p role=\"status\" aria-live=\"polite\" aria-atomic=\"true\"><\/p> <ul><\/ul><\/div>\n<form action=\"\/en\/wp-json\/wp\/v2\/pages\/809#wpcf7-f64-o1\" method=\"post\" class=\"wpcf7-form init\" aria-label=\"Form li\u00ean h\u1ec7\" novalidate=\"novalidate\" data-status=\"init\">\n<fieldset class=\"hidden-fields-container\"><input type=\"hidden\" name=\"_wpcf7\" value=\"64\" \/><input type=\"hidden\" name=\"_wpcf7_version\" value=\"6.1.4\" \/><input type=\"hidden\" name=\"_wpcf7_locale\" value=\"vi\" \/><input type=\"hidden\" name=\"_wpcf7_unit_tag\" value=\"wpcf7-f64-o1\" \/><input type=\"hidden\" name=\"_wpcf7_container_post\" value=\"0\" \/><input type=\"hidden\" name=\"_wpcf7_posted_data_hash\" value=\"\" \/>\n<\/fieldset>\n<div style=\"display: none\"><p><span class=\"wpcf7-form-control-wrap\" data-name=\"mbws\"><input size=\"40\" class=\"wpcf7-form-control wpcf7-text\" aria-invalid=\"false\" value=\"\" type=\"text\" name=\"mbws\"><\/span><\/p><\/div><div class=\"row row-small\">\n<div class=\"col large-6\">\n<label>H\u1ecd v\u00e0 T\u00ean *<\/label>\n<span class=\"wpcf7-form-control-wrap\" data-name=\"your-name\"><input size=\"40\" maxlength=\"400\" class=\"wpcf7-form-control wpcf7-text wpcf7-validates-as-required\" autocomplete=\"name\" aria-required=\"true\" aria-invalid=\"false\" value=\"\" type=\"text\" name=\"your-name\" \/><\/span>\n<\/div>\n<div class=\"col large-6\">\n<label>S\u1ed1 \u0111i\u1ec7n tho\u1ea1i *<\/label>\n<span class=\"wpcf7-form-control-wrap\" data-name=\"your-phone\"><input size=\"40\" maxlength=\"400\" class=\"wpcf7-form-control wpcf7-tel wpcf7-validates-as-required wpcf7-text wpcf7-validates-as-tel\" aria-required=\"true\" aria-invalid=\"false\" value=\"\" type=\"tel\" name=\"your-phone\" \/><\/span>\n<\/div>\n<div class=\"col large-6\">\n<label>Email *<\/label>\n<span class=\"wpcf7-form-control-wrap\" data-name=\"your-mail\"><input size=\"40\" maxlength=\"400\" class=\"wpcf7-form-control wpcf7-email wpcf7-validates-as-required wpcf7-text wpcf7-validates-as-email\" aria-required=\"true\" aria-invalid=\"false\" value=\"\" type=\"email\" name=\"your-mail\" \/><\/span>\n<\/div>\n<div class=\"col large-6\">\n<label>B\u1ea1n mu\u1ed1n tham gia kh\u00f3a h\u1ecdc n\u00e0o? *<\/label>\n<span class=\"wpcf7-form-control-wrap\" data-name=\"course\"><select class=\"wpcf7-form-control wpcf7-select\" aria-invalid=\"false\" name=\"course\"><option value=\"K\u1ef9 thu\u1eadt vi\u00ean\">K\u1ef9 thu\u1eadt vi\u00ean<\/option><option value=\"B\u00e1c s\u0129\">B\u00e1c s\u0129<\/option><option value=\"L\u1edbp t\u01b0\u01a1ng t\u00e1c l\u00e2m s\u00e0ng - labo\">L\u1edbp t\u01b0\u01a1ng t\u00e1c l\u00e2m s\u00e0ng - labo<\/option><\/select><\/span>\n<\/div>\n\n<div class=\"col large-12\">\n<label>N\u1ed9i dung Li\u00ean h\u1ec7<\/label>\n<span class=\"wpcf7-form-control-wrap\" data-name=\"content\"><textarea cols=\"40\" rows=\"10\" maxlength=\"2000\" class=\"wpcf7-form-control wpcf7-textarea\" aria-invalid=\"false\" placeholder=\"\" name=\"content\"><\/textarea><\/span>\n<\/div>\n<\/div>\n<span class=\"wpcf7-form-control-wrap\" data-name=\"acceptance-553\"><span class=\"wpcf7-form-control wpcf7-acceptance\"><span class=\"wpcf7-list-item\"><label><input type=\"checkbox\" name=\"acceptance-553\" value=\"1\" aria-invalid=\"false\" \/><span class=\"wpcf7-list-item-label\">T\u00f4i \u0111\u1ed3ng \u00fd v\u1edbi vi\u1ec7c l\u01b0u tr\u1eef d\u1eef li\u1ec7u \u0111\u00e3 nh\u1eadp v\u00e0o bi\u1ec3u m\u1eabu n\u00e0y.<\/span><\/label><\/span><\/span><\/span>\n<div class=\"text-center\">\n<input class=\"wpcf7-form-control wpcf7-submit has-spinner button\" type=\"submit\" value=\"G\u1eedi\" \/>\n<\/div><div class=\"wpcf7-response-output\" aria-hidden=\"true\"><\/div>\n<\/form>\n<\/div>\n\n\t\t<\/div>\n\t\t\t\t\n<style>\n#col-1749603517 > .col-inner {\n  padding: 60px 30px 60px 30px;\n}\n<\/style>\n\t<\/div>\n\n\t\n\n\t<div id=\"col-560434151\" class=\"col medium-6 small-12 large-6\"  data-animate=\"fadeInUp\">\n\t\t\t\t<div class=\"col-inner\"  >\n\t\t\t\n\t\t\t\n\t<div id=\"text-3112608619\" class=\"text\">\n\t\t\n<h3>Email:<\/h3>\n\t\t\n<style>\n#text-3112608619 {\n  font-size: 1.4rem;\n  text-align: center;\n}\n@media (min-width:850px) {\n  #text-3112608619 {\n    font-size: 2.2rem;\n  }\n}\n<\/style>\n\t<\/div>\n\t\n\t<div id=\"text-1821476824\" class=\"text\">\n\t\t\n<a href=\"mailto:cetecacademy@gmail.com\">cetecacademy@gmail.com<\/a>\n\t\t\n<style>\n#text-1821476824 {\n  text-align: center;\n}\n<\/style>\n\t<\/div>\n\t\n\t\t<\/div>\n\t\t\t\t\t<\/div>\n\n\t\n\n\t<div id=\"col-1547727299\" class=\"col medium-6 small-12 large-6\"  data-animate=\"fadeInUp\">\n\t\t\t\t<div class=\"col-inner\"  >\n\t\t\t\n\t\t\t\n\t<div id=\"text-2079022559\" class=\"text\">\n\t\t\n<h3>K\u1ebft n\u1ed1i v\u1edbi ch\u00fang t\u00f4i:<\/h3>\n\t\t\n<style>\n#text-2079022559 {\n  font-size: 1.4rem;\n  text-align: center;\n}\n@media (min-width:850px) {\n  #text-2079022559 {\n    font-size: 2.2rem;\n  }\n}\n<\/style>\n\t<\/div>\n\t\n<div class=\"social-icons follow-icons full-width text-center\" ><a href=\"https:\/\/www.facebook.com\/share\/1BjtYbbG4q\/?mibextid=wwXIfr\" target=\"_blank\" data-label=\"Facebook\" class=\"icon plain facebook tooltip\" title=\"Follow on Facebook\" aria-label=\"Follow on Facebook\" rel=\"noopener nofollow\"><i class=\"icon-facebook\" ><\/i><\/a><a href=\"mailto:cetecacademy@gmail.com\" data-label=\"E-mail\" target=\"_blank\" class=\"icon plain email tooltip\" title=\"Send us an email\" aria-label=\"Send us an email\" rel=\"nofollow noopener\" ><i class=\"icon-envelop\" ><\/i><\/a><a href=\"https:\/\/zalo.me\/0903938480\" target=\"_blank\" data-label=\"Zalo\" class=\"icon plain zalo tooltip\" title=\"Follow on Zalo\" aria-label=\"Follow on Zalo\" rel=\"noopener nofollow\"><svg id=Layer_1 style=\"enable-background:new 0 0 109.6 122.9\"version=1.1 viewBox=\"0 0 109.6 122.9\"x=0px xml:space=preserve xmlns=http:\/\/www.w3.org\/2000\/svg xmlns:xlink=http:\/\/www.w3.org\/1999\/xlink y=0px><style>.st0{fill:currentColor}<\/style><g><path class=st0 d=\"M5.5,49.9H25L5.8,73.6c-0.6,0.8-1.1,1.7-1.1,3.6v1.7h26.4c1.4,0,2.5-1.1,2.5-2.5V73H13.2l17.9-22.6\n                        c0.3-0.3,0.8-0.8,1.1-1.1V49c1.1-1.7,1.4-2.8,1.4-4.4v-0.8H5.5V49.9z\"\/><path class=st0 d=M67.2,76.6c0.3,1.1,1.1,1.9,2.2,1.9h3.9V43.8h-6.1V76.6z \/><path class=st0 d=\"M91.2,51.2c-7.7,0-13.8,6.1-13.8,13.8c0,7.7,6.1,13.8,13.8,13.8c7.7,0,13.8-6.1,13.8-13.8\n                        C104.9,57.3,98.6,51.2,91.2,51.2z M91.2,73.3c-4.4,0-8-3.6-8-8c0-4.4,3.6-8,8-8c4.4,0,8,3.6,8,8C99.1,69.4,95.6,73.3,91.2,73.3z\"\/><path class=st0 d=\"M57,54.2c-2.3-1.7-5.1-2.7-8.3-2.7c-7.4,0-13.8,6.1-13.8,13.8C35,73,41,79.1,48.7,79.1c3.1,0,6-1,8.3-2.7\n                        c0.1,1.2,1.2,2.2,2.2,2.2h3.3V52.1H57V54.2z M48.7,73.3c-4.4,0-8-3.6-8-8c0-4.4,3.6-8,8-8s8,3.6,8,8C56.7,69.7,53.4,73.3,48.7,73.3\n                        z\"\/><\/g><\/svg><\/a><\/div>\n\t\t<\/div>\n\t\t\t\t\t<\/div>\n\n\t\n<\/div>\n\t\t<\/div>\n\n\t\t\n<style>\n#section_1906947795 {\n  padding-top: 50px;\n  padding-bottom: 50px;\n}\n@media (min-width:850px) {\n  #section_1906947795 {\n    padding-top: 50px;\n    padding-bottom: 50px;\n  }\n}\n<\/style>\n\t<\/section>\n\t\n\n\t<section class=\"section\" id=\"section_76805618\">\n\t\t<div class=\"section-bg fill\" >\n\t\t\t\t\t\t\t\t\t\n\t\t\t\n\n\t\t<\/div>\n\n\t\t\n\n\t\t<div class=\"section-content relative\">\n\t\t\t\n\n<p><iframe src=\"https:\/\/www.google.com\/maps\/embed?pb=!1m18!1m12!1m3!1d6077.643429634265!2d106.68419627657832!3d10.804806958666418!2m3!1f0!2f0!3f0!3m2!1i1024!2i768!4f13.1!3m3!1m2!1s0x317528db3f842e35%3A0x85a92d8ee31bc2c3!2zMTkvMiBOZ3V54buFbiBWxINuIMSQ4bqtdSwgUGjGsOG7nW5nIDUsIFBow7ogTmh14bqtbiwgVGjDoG5oIHBo4buRIEjhu5MgQ2jDrSBNaW5oIDcwMDAwMCwgVmnhu4d0IE5hbQ!5e1!3m2!1svi!2sus!4v1773392871376!5m2!1svi!2sus\" width=\"100%\" height=\"450\" style=\"border:0;\" allowfullscreen=\"\" loading=\"lazy\" referrerpolicy=\"no-referrer-when-downgrade\"><\/iframe><br \/>\n\n\t\t<\/div>\n\n\t\t\n<style>\n#section_76805618 {\n  padding-top: 30px;\n  padding-bottom: 30px;\n}\n<\/style>\n\t<\/section>\n\t\n","protected":false},"excerpt":{"rendered":"","protected":false},"author":1,"featured_media":0,"parent":0,"menu_order":9,"comment_status":"closed","ping_status":"closed","template":"page-blank.php","meta":{"_acf_changed":false,"footnotes":""},"class_list":["post-809","page","type-page","status-publish","hentry"],"acf":[],"_links":{"self":[{"href":"https:\/\/cetecacademy.vn\/en\/wp-json\/wp\/v2\/pages\/809","targetHints":{"allow":["GET"]}}],"collection":[{"href":"https:\/\/cetecacademy.vn\/en\/wp-json\/wp\/v2\/pages"}],"about":[{"href":"https:\/\/cetecacademy.vn\/en\/wp-json\/wp\/v2\/types\/page"}],"author":[{"embeddable":true,"href":"https:\/\/cetecacademy.vn\/en\/wp-json\/wp\/v2\/users\/1"}],"replies":[{"embeddable":true,"href":"https:\/\/cetecacademy.vn\/en\/wp-json\/wp\/v2\/comments?post=809"}],"version-history":[{"count":8,"href":"https:\/\/cetecacademy.vn\/en\/wp-json\/wp\/v2\/pages\/809\/revisions"}],"predecessor-version":[{"id":1343,"href":"https:\/\/cetecacademy.vn\/en\/wp-json\/wp\/v2\/pages\/809\/revisions\/1343"}],"wp:attachment":[{"href":"https:\/\/cetecacademy.vn\/en\/wp-json\/wp\/v2\/media?parent=809"}],"curies":[{"name":"wp","href":"https:\/\/api.w.org\/{rel}","templated":true}]}}